{"id":1658,"date":"2022-05-02T14:00:30","date_gmt":"2022-05-02T12:00:30","guid":{"rendered":"https:\/\/shop.e137995.easyhosting.at\/business-sortiment\/decanters-carafes\/"},"modified":"2022-07-23T15:42:27","modified_gmt":"2022-07-23T13:42:27","slug":"decanters-carafes","status":"publish","type":"page","link":"https:\/\/www.artner.at\/en\/business-sortiment\/decanters-carafes\/","title":{"rendered":"Decanters &amp; Carafes"},"content":{"rendered":"\t\t<div data-elementor-type=\"wp-page\" data-elementor-id=\"1658\" class=\"elementor elementor-1658 elementor-624\">\n\t\t\t\t\t\t<section class=\"elementor-section elementor-top-section elementor-element elementor-element-0c54aca elementor-section-boxed elementor-section-height-default elementor-section-height-default\" data-id=\"0c54aca\" data-element_type=\"section\" data-e-type=\"section\">\n\t\t\t\t\t\t<div class=\"elementor-container elementor-column-gap-default\">\n\t\t\t\t\t<div class=\"elementor-column elementor-col-100 elementor-top-column elementor-element elementor-element-e5123e5\" data-id=\"e5123e5\" data-element_type=\"column\" data-e-type=\"column\">\n\t\t\t<div class=\"elementor-widget-wrap elementor-element-populated\">\n\t\t\t\t\t\t<div class=\"elementor-element elementor-element-ba6476a elementor-widget elementor-widget-image\" data-id=\"ba6476a\" data-element_type=\"widget\" data-e-type=\"widget\" data-widget_type=\"image.default\">\n\t\t\t\t<div class=\"elementor-widget-container\">\n\t\t\t\t\t\t\t\t\t\t\t\t\t\t\t<img fetchpriority=\"high\" decoding=\"async\" width=\"1200\" height=\"585\" src=\"https:\/\/www.artner.at\/wp-content\/uploads\/2022\/06\/artner-business-sortiment-dekanter-1-grand-cru-1500ml.webp\" class=\"attachment-large size-large wp-image-1531\" alt=\"\" srcset=\"https:\/\/www.artner.at\/wp-content\/uploads\/2022\/06\/artner-business-sortiment-dekanter-1-grand-cru-1500ml.webp 1600w, https:\/\/www.artner.at\/wp-content\/uploads\/2022\/06\/artner-business-sortiment-dekanter-1-grand-cru-1500ml-300x146.webp 300w, https:\/\/www.artner.at\/wp-content\/uploads\/2022\/06\/artner-business-sortiment-dekanter-1-grand-cru-1500ml-768x374.webp 768w, https:\/\/www.artner.at\/wp-content\/uploads\/2022\/06\/artner-business-sortiment-dekanter-1-grand-cru-1500ml-1536x749.webp 1536w, https:\/\/www.artner.at\/wp-content\/uploads\/2022\/06\/artner-business-sortiment-dekanter-1-grand-cru-1500ml-1320x644.webp 1320w, https:\/\/www.artner.at\/wp-content\/uploads\/2022\/06\/artner-business-sortiment-dekanter-1-grand-cru-1500ml-600x293.webp 600w\" sizes=\"(max-width: 1200px) 100vw, 1200px\" \/>\t\t\t\t\t\t\t\t\t\t\t\t\t\t\t<\/div>\n\t\t\t\t<\/div>\n\t\t\t\t<div class=\"elementor-element elementor-element-19ab15f elementor-widget elementor-widget-text-editor\" data-id=\"19ab15f\" data-element_type=\"widget\" data-e-type=\"widget\" data-widget_type=\"text-editor.default\">\n\t\t\t\t<div class=\"elementor-widget-container\">\n\t\t\t\t\t\t\t\t\t<h1 class=\"text-align-center\" style=\"text-align: center;\">ARTNER GLAS | DECANTERS &amp; CARAFES<\/h1>\t\t\t\t\t\t\t\t<\/div>\n\t\t\t\t<\/div>\n\t\t\t\t<div class=\"elementor-element elementor-element-e9182a5 elementor-widget elementor-widget-image\" data-id=\"e9182a5\" data-element_type=\"widget\" data-e-type=\"widget\" data-widget_type=\"image.default\">\n\t\t\t\t<div class=\"elementor-widget-container\">\n\t\t\t\t\t\t\t\t\t\t\t\t\t\t\t<img decoding=\"async\" width=\"1200\" height=\"600\" src=\"https:\/\/www.artner.at\/wp-content\/uploads\/2022\/07\/DEKANTER_GrandCru-1920x960.jpg\" class=\"attachment-large size-large wp-image-1591\" alt=\"\" srcset=\"https:\/\/www.artner.at\/wp-content\/uploads\/2022\/07\/DEKANTER_GrandCru-1920x960.jpg 1920w, https:\/\/www.artner.at\/wp-content\/uploads\/2022\/07\/DEKANTER_GrandCru-300x150.jpg 300w, https:\/\/www.artner.at\/wp-content\/uploads\/2022\/07\/DEKANTER_GrandCru-768x384.jpg 768w, https:\/\/www.artner.at\/wp-content\/uploads\/2022\/07\/DEKANTER_GrandCru-1536x768.jpg 1536w, https:\/\/www.artner.at\/wp-content\/uploads\/2022\/07\/DEKANTER_GrandCru-2048x1024.jpg 2048w, https:\/\/www.artner.at\/wp-content\/uploads\/2022\/07\/DEKANTER_GrandCru-600x300.jpg 600w\" sizes=\"(max-width: 1200px) 100vw, 1200px\" \/>\t\t\t\t\t\t\t\t\t\t\t\t\t\t\t<\/div>\n\t\t\t\t<\/div>\n\t\t\t\t<div class=\"elementor-element elementor-element-1ee5239 elementor-widget elementor-widget-text-editor\" data-id=\"1ee5239\" data-element_type=\"widget\" data-e-type=\"widget\" data-widget_type=\"text-editor.default\">\n\t\t\t\t<div class=\"elementor-widget-container\">\n\t\t\t\t\t\t\t\t\t<h3>ARTNER DEK1 DECANTER GRAND CRU | 1500 ML | 300 MM | \u00f8 300 MM<\/h3>\t\t\t\t\t\t\t\t<\/div>\n\t\t\t\t<\/div>\n\t\t\t\t<div class=\"elementor-element elementor-element-68f7805 elementor-widget elementor-widget-image\" data-id=\"68f7805\" data-element_type=\"widget\" data-e-type=\"widget\" data-widget_type=\"image.default\">\n\t\t\t\t<div class=\"elementor-widget-container\">\n\t\t\t\t\t\t\t\t\t\t\t\t\t\t\t<img decoding=\"async\" width=\"1200\" height=\"585\" src=\"https:\/\/www.artner.at\/wp-content\/uploads\/2022\/06\/artner-business-sortiment-dekanter-3-straight-1500ml.webp\" class=\"attachment-large size-large wp-image-1533\" alt=\"\" srcset=\"https:\/\/www.artner.at\/wp-content\/uploads\/2022\/06\/artner-business-sortiment-dekanter-3-straight-1500ml.webp 1600w, https:\/\/www.artner.at\/wp-content\/uploads\/2022\/06\/artner-business-sortiment-dekanter-3-straight-1500ml-300x146.webp 300w, https:\/\/www.artner.at\/wp-content\/uploads\/2022\/06\/artner-business-sortiment-dekanter-3-straight-1500ml-768x374.webp 768w, https:\/\/www.artner.at\/wp-content\/uploads\/2022\/06\/artner-business-sortiment-dekanter-3-straight-1500ml-1536x749.webp 1536w, https:\/\/www.artner.at\/wp-content\/uploads\/2022\/06\/artner-business-sortiment-dekanter-3-straight-1500ml-1320x644.webp 1320w, https:\/\/www.artner.at\/wp-content\/uploads\/2022\/06\/artner-business-sortiment-dekanter-3-straight-1500ml-600x293.webp 600w\" sizes=\"(max-width: 1200px) 100vw, 1200px\" \/>\t\t\t\t\t\t\t\t\t\t\t\t\t\t\t<\/div>\n\t\t\t\t<\/div>\n\t\t\t\t<div class=\"elementor-element elementor-element-541deaf elementor-widget elementor-widget-text-editor\" data-id=\"541deaf\" data-element_type=\"widget\" data-e-type=\"widget\" data-widget_type=\"text-editor.default\">\n\t\t\t\t<div class=\"elementor-widget-container\">\n\t\t\t\t\t\t\t\t\t<h3>ARTNER DEK2 DECANTER STRAIGHT | 1500 ML | 265 MM | \u00f8 230 MM<\/h3>\t\t\t\t\t\t\t\t<\/div>\n\t\t\t\t<\/div>\n\t\t\t\t<div class=\"elementor-element elementor-element-b97b834 elementor-widget elementor-widget-image\" data-id=\"b97b834\" data-element_type=\"widget\" data-e-type=\"widget\" data-widget_type=\"image.default\">\n\t\t\t\t<div class=\"elementor-widget-container\">\n\t\t\t\t\t\t\t\t\t\t\t\t\t\t\t<img loading=\"lazy\" decoding=\"async\" width=\"1200\" height=\"585\" src=\"https:\/\/www.artner.at\/wp-content\/uploads\/2022\/06\/artner-business-sortiment-dekanter-5-baloon-1500ml.webp\" class=\"attachment-large size-large wp-image-1535\" alt=\"\" srcset=\"https:\/\/www.artner.at\/wp-content\/uploads\/2022\/06\/artner-business-sortiment-dekanter-5-baloon-1500ml.webp 1600w, https:\/\/www.artner.at\/wp-content\/uploads\/2022\/06\/artner-business-sortiment-dekanter-5-baloon-1500ml-300x146.webp 300w, https:\/\/www.artner.at\/wp-content\/uploads\/2022\/06\/artner-business-sortiment-dekanter-5-baloon-1500ml-768x374.webp 768w, https:\/\/www.artner.at\/wp-content\/uploads\/2022\/06\/artner-business-sortiment-dekanter-5-baloon-1500ml-1536x749.webp 1536w, https:\/\/www.artner.at\/wp-content\/uploads\/2022\/06\/artner-business-sortiment-dekanter-5-baloon-1500ml-1320x644.webp 1320w, https:\/\/www.artner.at\/wp-content\/uploads\/2022\/06\/artner-business-sortiment-dekanter-5-baloon-1500ml-600x293.webp 600w\" sizes=\"(max-width: 1200px) 100vw, 1200px\" \/>\t\t\t\t\t\t\t\t\t\t\t\t\t\t\t<\/div>\n\t\t\t\t<\/div>\n\t\t\t\t<div class=\"elementor-element elementor-element-798a3bd elementor-widget elementor-widget-text-editor\" data-id=\"798a3bd\" data-element_type=\"widget\" data-e-type=\"widget\" data-widget_type=\"text-editor.default\">\n\t\t\t\t<div class=\"elementor-widget-container\">\n\t\t\t\t\t\t\t\t\t<h3>ARTNER DEK3 DECANTER BALLOON | 1500 ML | 245 MM | \u00f8 186 MM<\/h3>\t\t\t\t\t\t\t\t<\/div>\n\t\t\t\t<\/div>\n\t\t\t\t<div class=\"elementor-element elementor-element-0187985 elementor-widget elementor-widget-image\" data-id=\"0187985\" data-element_type=\"widget\" data-e-type=\"widget\" data-widget_type=\"image.default\">\n\t\t\t\t<div class=\"elementor-widget-container\">\n\t\t\t\t\t\t\t\t\t\t\t\t\t\t\t<img loading=\"lazy\" decoding=\"async\" width=\"1200\" height=\"585\" src=\"https:\/\/www.artner.at\/wp-content\/uploads\/2022\/06\/artner-business-sortiment-7-x-flasche-1000ml-500ml-250ml.webp\" class=\"attachment-large size-large wp-image-1537\" alt=\"\" srcset=\"https:\/\/www.artner.at\/wp-content\/uploads\/2022\/06\/artner-business-sortiment-7-x-flasche-1000ml-500ml-250ml.webp 1600w, https:\/\/www.artner.at\/wp-content\/uploads\/2022\/06\/artner-business-sortiment-7-x-flasche-1000ml-500ml-250ml-300x146.webp 300w, https:\/\/www.artner.at\/wp-content\/uploads\/2022\/06\/artner-business-sortiment-7-x-flasche-1000ml-500ml-250ml-768x374.webp 768w, https:\/\/www.artner.at\/wp-content\/uploads\/2022\/06\/artner-business-sortiment-7-x-flasche-1000ml-500ml-250ml-1536x749.webp 1536w, https:\/\/www.artner.at\/wp-content\/uploads\/2022\/06\/artner-business-sortiment-7-x-flasche-1000ml-500ml-250ml-1320x644.webp 1320w, https:\/\/www.artner.at\/wp-content\/uploads\/2022\/06\/artner-business-sortiment-7-x-flasche-1000ml-500ml-250ml-600x293.webp 600w\" sizes=\"(max-width: 1200px) 100vw, 1200px\" \/>\t\t\t\t\t\t\t\t\t\t\t\t\t\t\t<\/div>\n\t\t\t\t<\/div>\n\t\t\t\t<div class=\"elementor-element elementor-element-08e1b38 elementor-widget elementor-widget-text-editor\" data-id=\"08e1b38\" data-element_type=\"widget\" data-e-type=\"widget\" data-widget_type=\"text-editor.default\">\n\t\t\t\t<div class=\"elementor-widget-container\">\n\t\t\t\t\t\t\t\t\t<h3>ARTNER X-CARAFE | 1000 ML | 280 MM | \u00f8 106 MM<br>ARTNER X-CARAFE | 500 ML | 225 MM | \u00f8 89 MM<br>ARTNER X-CARAFE | 250 ML | 174 MM | \u00f8 71 MM<\/h3>\t\t\t\t\t\t\t\t<\/div>\n\t\t\t\t<\/div>\n\t\t\t\t\t<\/div>\n\t\t<\/div>\n\t\t\t\t\t<\/div>\n\t\t<\/section>\n\t\t\t\t<section class=\"elementor-section elementor-top-section elementor-element elementor-element-0f1e8fe elementor-section-boxed elementor-section-height-default elementor-section-height-default\" data-id=\"0f1e8fe\" data-element_type=\"section\" data-e-type=\"section\">\n\t\t\t\t\t\t<div class=\"elementor-container elementor-column-gap-default\">\n\t\t\t\t\t<div class=\"elementor-column elementor-col-100 elementor-top-column elementor-element elementor-element-93a75c4\" data-id=\"93a75c4\" data-element_type=\"column\" data-e-type=\"column\">\n\t\t\t<div class=\"elementor-widget-wrap elementor-element-populated\">\n\t\t\t\t\t\t<div class=\"elementor-element elementor-element-a5fce14 elementor-hidden-desktop elementor-hidden-tablet elementor-hidden-mobile elementor-widget elementor-widget-text-editor\" data-id=\"a5fce14\" data-element_type=\"widget\" data-e-type=\"widget\" data-widget_type=\"text-editor.default\">\n\t\t\t\t<div class=\"elementor-widget-container\">\n\t\t\t\t\t\t\t\t\t<h1 class=\"text-align-center\" style=\"text-align: center;\">YOUR REQUEST | DECANTERS &amp; CARAFES<\/h1><p class=\"text-align-center\" style=\"text-align: center;\"><span class=\"\">We are looking forward to your inquiry as a business customer via e-mail or <\/span><a href=\"https:\/\/www.artner.at\/en\/contact\/\">Contact form<\/a><span class=\"\">.<\/span><\/p><p class=\"text-align-center\" style=\"text-align: center;\"><span class=\"\">You will find the selected assortment for our private customers in the <\/span><a href=\"https:\/\/www.artner.at\/privater-shop\/\" type=\"page\">private store<\/a><span class=\"\">.<\/span><\/p>\t\t\t\t\t\t\t\t<\/div>\n\t\t\t\t<\/div>\n\t\t\t\t<div class=\"elementor-element elementor-element-f347aeb elementor-widget elementor-widget-text-editor\" data-id=\"f347aeb\" data-element_type=\"widget\" data-e-type=\"widget\" data-widget_type=\"text-editor.default\">\n\t\t\t\t<div class=\"elementor-widget-container\">\n\t\t\t\t\t\t\t\t\t<h1 class=\"text-align-center\" style=\"text-align: center;\">YOUR REQUEST | DECANTERS &amp; CARAFES<\/h1><p class=\"text-align-center\" style=\"text-align: center;\"><span class=\"\">We are looking forward to your inquiry as a business customer via e-mail or <\/span><a href=\"https:\/\/www.artner.at\/en\/contact\/\">Contact form<\/a><span class=\"\">.<\/span><\/p><p> <\/p>\t\t\t\t\t\t\t\t<\/div>\n\t\t\t\t<\/div>\n\t\t\t\t\t<\/div>\n\t\t<\/div>\n\t\t\t\t\t<\/div>\n\t\t<\/section>\n\t\t\t\t<\/div>\n\t\t","protected":false},"excerpt":{"rendered":"<p>ARTNER GLAS | DECANTERS &amp; CARAFES ARTNER DEK1 DECANTER GRAND CRU | 1500 ML | 300 MM | \u00f8 300 MM ARTNER DEK2 DECANTER STRAIGHT | 1500 ML | 265 MM | \u00f8 230 MM ARTNER DEK3 DECANTER BALLOON | 1500 ML | 245 MM | \u00f8 186 MM ARTNER X-CARAFE | 1000 ML | [&hellip;]<\/p>\n","protected":false},"author":5,"featured_media":0,"parent":1628,"menu_order":2,"comment_status":"closed","ping_status":"closed","template":"","meta":{"site-sidebar-layout":"no-sidebar","site-content-layout":"page-builder","ast-site-content-layout":"default","site-content-style":"default","site-sidebar-style":"default","ast-global-header-display":"","ast-banner-title-visibility":"","ast-main-header-display":"","ast-hfb-above-header-display":"","ast-hfb-below-header-display":"","ast-hfb-mobile-header-display":"","site-post-title":"disabled","ast-breadcrumbs-content":"","ast-featured-img":"disabled","footer-sml-layout":"","ast-disable-related-posts":"","theme-transparent-header-meta":"","adv-header-id-meta":"","stick-header-meta":"","header-above-stick-meta":"","header-main-stick-meta":"","header-below-stick-meta":"","astra-migrate-meta-layouts":"default","ast-page-background-enabled":"default","ast-page-background-meta":{"desktop":{"background-color":"var(--ast-global-color-4)","background-image":"","background-repeat":"repeat","background-position":"center center","background-size":"auto","background-attachment":"scroll","background-type":"","background-media":"","overlay-type":"","overlay-color":"","overlay-opacity":"","overlay-gradient":""},"tablet":{"background-color":"","background-image":"","background-repeat":"repeat","background-position":"center center","background-size":"auto","background-attachment":"scroll","background-type":"","background-media":"","overlay-type":"","overlay-color":"","overlay-opacity":"","overlay-gradient":""},"mobile":{"background-color":"","background-image":"","background-repeat":"repeat","background-position":"center center","background-size":"auto","background-attachment":"scroll","background-type":"","background-media":"","overlay-type":"","overlay-color":"","overlay-opacity":"","overlay-gradient":""}},"ast-content-background-meta":{"desktop":{"background-color":"var(--ast-global-color-5)","background-image":"","background-repeat":"repeat","background-position":"center center","background-size":"auto","background-attachment":"scroll","background-type":"","background-media":"","overlay-type":"","overlay-color":"","overlay-opacity":"","overlay-gradient":""},"tablet":{"background-color":"var(--ast-global-color-5)","background-image":"","background-repeat":"repeat","background-position":"center center","background-size":"auto","background-attachment":"scroll","background-type":"","background-media":"","overlay-type":"","overlay-color":"","overlay-opacity":"","overlay-gradient":""},"mobile":{"background-color":"var(--ast-global-color-5)","background-image":"","background-repeat":"repeat","background-position":"center center","background-size":"auto","background-attachment":"scroll","background-type":"","background-media":"","overlay-type":"","overlay-color":"","overlay-opacity":"","overlay-gradient":""}},"footnotes":""},"class_list":["post-1658","page","type-page","status-publish","hentry"],"yoast_head":"<!-- This site is optimized with the Yoast SEO plugin v27.4 - https:\/\/yoast.com\/product\/yoast-seo-wordpress\/ -->\n<title>Decanters &amp; Carafes - artner tableware<\/title>\n<meta name=\"robots\" content=\"index, follow, max-snippet:-1, max-image-preview:large, max-video-preview:-1\" \/>\n<link rel=\"canonical\" href=\"https:\/\/www.artner.at\/en\/business-sortiment\/decanters-carafes\/\" \/>\n<meta property=\"og:locale\" content=\"en_US\" \/>\n<meta property=\"og:type\" content=\"article\" \/>\n<meta property=\"og:title\" content=\"Decanters &amp; Carafes - artner tableware\" \/>\n<meta property=\"og:description\" content=\"ARTNER GLAS | DECANTERS &amp; CARAFES ARTNER DEK1 DECANTER GRAND CRU | 1500 ML | 300 MM | \u00f8 300 MM ARTNER DEK2 DECANTER STRAIGHT | 1500 ML | 265 MM | \u00f8 230 MM ARTNER DEK3 DECANTER BALLOON | 1500 ML | 245 MM | \u00f8 186 MM ARTNER X-CARAFE | 1000 ML | [&hellip;]\" \/>\n<meta property=\"og:url\" content=\"https:\/\/www.artner.at\/en\/business-sortiment\/decanters-carafes\/\" \/>\n<meta property=\"og:site_name\" content=\"artner tableware\" \/>\n<meta property=\"article:publisher\" content=\"https:\/\/www.facebook.com\/artner.tableware\/\" \/>\n<meta property=\"article:modified_time\" content=\"2022-07-23T13:42:27+00:00\" \/>\n<meta property=\"og:image\" content=\"https:\/\/www.artner.at\/wp-content\/uploads\/2022\/06\/artner-business-sortiment-dekanter-1-grand-cru-1500ml.webp\" \/>\n<meta name=\"twitter:card\" content=\"summary_large_image\" \/>\n<script type=\"application\/ld+json\" class=\"yoast-schema-graph\">{\"@context\":\"https:\\\/\\\/schema.org\",\"@graph\":[{\"@type\":\"WebPage\",\"@id\":\"https:\\\/\\\/www.artner.at\\\/en\\\/business-sortiment\\\/decanters-carafes\\\/\",\"url\":\"https:\\\/\\\/www.artner.at\\\/en\\\/business-sortiment\\\/decanters-carafes\\\/\",\"name\":\"Decanters &amp; Carafes - artner tableware\",\"isPartOf\":{\"@id\":\"https:\\\/\\\/www.artner.at\\\/#website\"},\"primaryImageOfPage\":{\"@id\":\"https:\\\/\\\/www.artner.at\\\/en\\\/business-sortiment\\\/decanters-carafes\\\/#primaryimage\"},\"image\":{\"@id\":\"https:\\\/\\\/www.artner.at\\\/en\\\/business-sortiment\\\/decanters-carafes\\\/#primaryimage\"},\"thumbnailUrl\":\"https:\\\/\\\/www.artner.at\\\/wp-content\\\/uploads\\\/2022\\\/06\\\/artner-business-sortiment-dekanter-1-grand-cru-1500ml.webp\",\"datePublished\":\"2022-05-02T12:00:30+00:00\",\"dateModified\":\"2022-07-23T13:42:27+00:00\",\"breadcrumb\":{\"@id\":\"https:\\\/\\\/www.artner.at\\\/en\\\/business-sortiment\\\/decanters-carafes\\\/#breadcrumb\"},\"inLanguage\":\"de\",\"potentialAction\":[{\"@type\":\"ReadAction\",\"target\":[\"https:\\\/\\\/www.artner.at\\\/en\\\/business-sortiment\\\/decanters-carafes\\\/\"]}]},{\"@type\":\"ImageObject\",\"inLanguage\":\"de\",\"@id\":\"https:\\\/\\\/www.artner.at\\\/en\\\/business-sortiment\\\/decanters-carafes\\\/#primaryimage\",\"url\":\"https:\\\/\\\/www.artner.at\\\/wp-content\\\/uploads\\\/2022\\\/06\\\/artner-business-sortiment-dekanter-1-grand-cru-1500ml.webp\",\"contentUrl\":\"https:\\\/\\\/www.artner.at\\\/wp-content\\\/uploads\\\/2022\\\/06\\\/artner-business-sortiment-dekanter-1-grand-cru-1500ml.webp\"},{\"@type\":\"BreadcrumbList\",\"@id\":\"https:\\\/\\\/www.artner.at\\\/en\\\/business-sortiment\\\/decanters-carafes\\\/#breadcrumb\",\"itemListElement\":[{\"@type\":\"ListItem\",\"position\":1,\"name\":\"Startseite\",\"item\":\"https:\\\/\\\/www.artner.at\\\/en\\\/welcome\\\/\"},{\"@type\":\"ListItem\",\"position\":2,\"name\":\"Business Sortiment\",\"item\":\"https:\\\/\\\/www.artner.at\\\/en\\\/business-sortiment\\\/\"},{\"@type\":\"ListItem\",\"position\":3,\"name\":\"Decanters &amp; Carafes\"}]},{\"@type\":\"WebSite\",\"@id\":\"https:\\\/\\\/www.artner.at\\\/#website\",\"url\":\"https:\\\/\\\/www.artner.at\\\/\",\"name\":\"artner tableware\",\"description\":\"the art in your hands\",\"publisher\":{\"@id\":\"https:\\\/\\\/www.artner.at\\\/#organization\"},\"potentialAction\":[{\"@type\":\"SearchAction\",\"target\":{\"@type\":\"EntryPoint\",\"urlTemplate\":\"https:\\\/\\\/www.artner.at\\\/?s={search_term_string}\"},\"query-input\":{\"@type\":\"PropertyValueSpecification\",\"valueRequired\":true,\"valueName\":\"search_term_string\"}}],\"inLanguage\":\"de\"},{\"@type\":\"Organization\",\"@id\":\"https:\\\/\\\/www.artner.at\\\/#organization\",\"name\":\"Peter Artner GmbH\",\"url\":\"https:\\\/\\\/www.artner.at\\\/\",\"logo\":{\"@type\":\"ImageObject\",\"inLanguage\":\"de\",\"@id\":\"https:\\\/\\\/www.artner.at\\\/#\\\/schema\\\/logo\\\/image\\\/\",\"url\":\"https:\\\/\\\/www.artner.at\\\/wp-content\\\/uploads\\\/2022\\\/04\\\/cropped-artner-logo.webp\",\"contentUrl\":\"https:\\\/\\\/www.artner.at\\\/wp-content\\\/uploads\\\/2022\\\/04\\\/cropped-artner-logo.webp\",\"width\":222,\"height\":74,\"caption\":\"Peter Artner GmbH\"},\"image\":{\"@id\":\"https:\\\/\\\/www.artner.at\\\/#\\\/schema\\\/logo\\\/image\\\/\"},\"sameAs\":[\"https:\\\/\\\/www.facebook.com\\\/artner.tableware\\\/\",\"https:\\\/\\\/www.instagram.com\\\/artner_tableware\\\/\"]}]}<\/script>\n<!-- \/ Yoast SEO plugin. -->","yoast_head_json":{"title":"Decanters &amp; Carafes - artner tableware","robots":{"index":"index","follow":"follow","max-snippet":"max-snippet:-1","max-image-preview":"max-image-preview:large","max-video-preview":"max-video-preview:-1"},"canonical":"https:\/\/www.artner.at\/en\/business-sortiment\/decanters-carafes\/","og_locale":"en_US","og_type":"article","og_title":"Decanters &amp; Carafes - artner tableware","og_description":"ARTNER GLAS | DECANTERS &amp; CARAFES ARTNER DEK1 DECANTER GRAND CRU | 1500 ML | 300 MM | \u00f8 300 MM ARTNER DEK2 DECANTER STRAIGHT | 1500 ML | 265 MM | \u00f8 230 MM ARTNER DEK3 DECANTER BALLOON | 1500 ML | 245 MM | \u00f8 186 MM ARTNER X-CARAFE | 1000 ML | [&hellip;]","og_url":"https:\/\/www.artner.at\/en\/business-sortiment\/decanters-carafes\/","og_site_name":"artner tableware","article_publisher":"https:\/\/www.facebook.com\/artner.tableware\/","article_modified_time":"2022-07-23T13:42:27+00:00","og_image":[{"url":"https:\/\/www.artner.at\/wp-content\/uploads\/2022\/06\/artner-business-sortiment-dekanter-1-grand-cru-1500ml.webp","type":"","width":"","height":""}],"twitter_card":"summary_large_image","schema":{"@context":"https:\/\/schema.org","@graph":[{"@type":"WebPage","@id":"https:\/\/www.artner.at\/en\/business-sortiment\/decanters-carafes\/","url":"https:\/\/www.artner.at\/en\/business-sortiment\/decanters-carafes\/","name":"Decanters &amp; Carafes - artner tableware","isPartOf":{"@id":"https:\/\/www.artner.at\/#website"},"primaryImageOfPage":{"@id":"https:\/\/www.artner.at\/en\/business-sortiment\/decanters-carafes\/#primaryimage"},"image":{"@id":"https:\/\/www.artner.at\/en\/business-sortiment\/decanters-carafes\/#primaryimage"},"thumbnailUrl":"https:\/\/www.artner.at\/wp-content\/uploads\/2022\/06\/artner-business-sortiment-dekanter-1-grand-cru-1500ml.webp","datePublished":"2022-05-02T12:00:30+00:00","dateModified":"2022-07-23T13:42:27+00:00","breadcrumb":{"@id":"https:\/\/www.artner.at\/en\/business-sortiment\/decanters-carafes\/#breadcrumb"},"inLanguage":"de","potentialAction":[{"@type":"ReadAction","target":["https:\/\/www.artner.at\/en\/business-sortiment\/decanters-carafes\/"]}]},{"@type":"ImageObject","inLanguage":"de","@id":"https:\/\/www.artner.at\/en\/business-sortiment\/decanters-carafes\/#primaryimage","url":"https:\/\/www.artner.at\/wp-content\/uploads\/2022\/06\/artner-business-sortiment-dekanter-1-grand-cru-1500ml.webp","contentUrl":"https:\/\/www.artner.at\/wp-content\/uploads\/2022\/06\/artner-business-sortiment-dekanter-1-grand-cru-1500ml.webp"},{"@type":"BreadcrumbList","@id":"https:\/\/www.artner.at\/en\/business-sortiment\/decanters-carafes\/#breadcrumb","itemListElement":[{"@type":"ListItem","position":1,"name":"Startseite","item":"https:\/\/www.artner.at\/en\/welcome\/"},{"@type":"ListItem","position":2,"name":"Business Sortiment","item":"https:\/\/www.artner.at\/en\/business-sortiment\/"},{"@type":"ListItem","position":3,"name":"Decanters &amp; Carafes"}]},{"@type":"WebSite","@id":"https:\/\/www.artner.at\/#website","url":"https:\/\/www.artner.at\/","name":"artner tableware","description":"the art in your hands","publisher":{"@id":"https:\/\/www.artner.at\/#organization"},"potentialAction":[{"@type":"SearchAction","target":{"@type":"EntryPoint","urlTemplate":"https:\/\/www.artner.at\/?s={search_term_string}"},"query-input":{"@type":"PropertyValueSpecification","valueRequired":true,"valueName":"search_term_string"}}],"inLanguage":"de"},{"@type":"Organization","@id":"https:\/\/www.artner.at\/#organization","name":"Peter Artner GmbH","url":"https:\/\/www.artner.at\/","logo":{"@type":"ImageObject","inLanguage":"de","@id":"https:\/\/www.artner.at\/#\/schema\/logo\/image\/","url":"https:\/\/www.artner.at\/wp-content\/uploads\/2022\/04\/cropped-artner-logo.webp","contentUrl":"https:\/\/www.artner.at\/wp-content\/uploads\/2022\/04\/cropped-artner-logo.webp","width":222,"height":74,"caption":"Peter Artner GmbH"},"image":{"@id":"https:\/\/www.artner.at\/#\/schema\/logo\/image\/"},"sameAs":["https:\/\/www.facebook.com\/artner.tableware\/","https:\/\/www.instagram.com\/artner_tableware\/"]}]}},"_links":{"self":[{"href":"https:\/\/www.artner.at\/en\/wp-json\/wp\/v2\/pages\/1658","targetHints":{"allow":["GET"]}}],"collection":[{"href":"https:\/\/www.artner.at\/en\/wp-json\/wp\/v2\/pages"}],"about":[{"href":"https:\/\/www.artner.at\/en\/wp-json\/wp\/v2\/types\/page"}],"author":[{"embeddable":true,"href":"https:\/\/www.artner.at\/en\/wp-json\/wp\/v2\/users\/5"}],"replies":[{"embeddable":true,"href":"https:\/\/www.artner.at\/en\/wp-json\/wp\/v2\/comments?post=1658"}],"version-history":[{"count":0,"href":"https:\/\/www.artner.at\/en\/wp-json\/wp\/v2\/pages\/1658\/revisions"}],"up":[{"embeddable":true,"href":"https:\/\/www.artner.at\/en\/wp-json\/wp\/v2\/pages\/1628"}],"wp:attachment":[{"href":"https:\/\/www.artner.at\/en\/wp-json\/wp\/v2\/media?parent=1658"}],"curies":[{"name":"wp","href":"https:\/\/api.w.org\/{rel}","templated":true}]}}