{"id":1726,"date":"2022-04-04T12:15:12","date_gmt":"2022-04-04T10:15:12","guid":{"rendered":"https:\/\/www.artner.at\/blog\/"},"modified":"2022-07-23T11:26:53","modified_gmt":"2022-07-23T09:26:53","slug":"blog","status":"publish","type":"page","link":"https:\/\/www.artner.at\/en\/blog\/","title":{"rendered":"Blog"},"content":{"rendered":"\t\t<div data-elementor-type=\"wp-page\" data-elementor-id=\"1726\" class=\"elementor elementor-1726 elementor-497\">\n\t\t\t\t\t\t<section class=\"elementor-section elementor-top-section elementor-element elementor-element-9da9dc3 elementor-section-boxed elementor-section-height-default elementor-section-height-default\" data-id=\"9da9dc3\" data-element_type=\"section\" data-e-type=\"section\">\n\t\t\t\t\t\t<div class=\"elementor-container elementor-column-gap-default\">\n\t\t\t\t\t<div class=\"elementor-column elementor-col-100 elementor-top-column elementor-element elementor-element-a258c79\" data-id=\"a258c79\" data-element_type=\"column\" data-e-type=\"column\">\n\t\t\t<div class=\"elementor-widget-wrap elementor-element-populated\">\n\t\t\t\t\t\t<div class=\"elementor-element elementor-element-a87c3a8 elementor-grid-eael-col-3 elementor-grid-tablet-eael-col-2 elementor-grid-mobile-eael-col-1 elementor-widget elementor-widget-eael-post-grid\" data-id=\"a87c3a8\" data-element_type=\"widget\" data-e-type=\"widget\" data-settings=\"{&quot;eael_post_grid_columns&quot;:&quot;eael-col-3&quot;,&quot;eael_post_grid_columns_tablet&quot;:&quot;eael-col-2&quot;,&quot;eael_post_grid_columns_mobile&quot;:&quot;eael-col-1&quot;}\" data-widget_type=\"eael-post-grid.default\">\n\t\t\t\t<div class=\"elementor-widget-container\">\n\t\t\t\t\t<div id=\"eael-post-grid-a87c3a8\" class=\"eael-post-grid-container\">\n            <div class=\"eael-post-grid eael-post-appender eael-post-appender-a87c3a8 eael-post-grid-style-one\" data-layout-mode=\"grid\"><article class=\"eael-grid-post  eael-post-grid-column eael-pg-post-1677 category-unkategorisiert\" data-id=\"1677\">\n        <div class=\"eael-grid-post-holder\">\n            <div class=\"eael-grid-post-holder-inner\"><div class=\"eael-entry-media\"><div class=\"eael-entry-overlay zoom-in\"><i class=\"\" aria-hidden=\"true\"><\/i><a href=\"https:\/\/www.artner.at\/en\/artner-glasses-and-the-dishwasher\/\"><\/a><\/div><div class=\"eael-entry-thumbnail eael-image-ratio\">\n                <img decoding=\"async\" width=\"300\" height=\"142\" src=\"https:\/\/www.artner.at\/wp-content\/uploads\/2022\/06\/artner-glaeser-spuelmaschine-300x142.webp\" class=\"attachment-medium size-medium wp-image-1409\" alt=\"\" srcset=\"https:\/\/www.artner.at\/wp-content\/uploads\/2022\/06\/artner-glaeser-spuelmaschine-300x142.webp 300w, https:\/\/www.artner.at\/wp-content\/uploads\/2022\/06\/artner-glaeser-spuelmaschine-768x363.webp 768w, https:\/\/www.artner.at\/wp-content\/uploads\/2022\/06\/artner-glaeser-spuelmaschine-1536x726.webp 1536w, https:\/\/www.artner.at\/wp-content\/uploads\/2022\/06\/artner-glaeser-spuelmaschine-1320x624.webp 1320w, https:\/\/www.artner.at\/wp-content\/uploads\/2022\/06\/artner-glaeser-spuelmaschine-600x283.webp 600w, https:\/\/www.artner.at\/wp-content\/uploads\/2022\/06\/artner-glaeser-spuelmaschine.webp 1920w\" sizes=\"(max-width: 300px) 100vw, 300px\" \/>\n            <\/div>\n        <\/div><div class=\"eael-entry-wrapper\"><header class=\"eael-entry-header\"><p class=\"eael-entry-title\"><a class=\"eael-grid-post-link\" href=\"https:\/\/www.artner.at\/en\/artner-glasses-and-the-dishwasher\/\" title=\"ARTNER GLASSES AND THE DISHWASHER\">ARTNER GLASSES AND THE DISHWASHER<\/a><\/p><\/header><div class=\"eael-entry-content\">\n                        <div class=\"eael-grid-post-excerpt\"><p>Of course, your fine artner glasses can also be cleaned in the dishwasher.For an optimum, clean and brilliantly shining result, we recommend observing the following...<\/p><a href=\"https:\/\/www.artner.at\/en\/artner-glasses-and-the-dishwasher\/\" class=\"eael-post-elements-readmore-btn\">Read more...<\/a><\/div>\n                    <\/div><\/div><\/div>\n        <\/div>\n    <\/article><article class=\"eael-grid-post  eael-post-grid-column eael-pg-post-1681 category-unkategorisiert\" data-id=\"1681\">\n        <div class=\"eael-grid-post-holder\">\n            <div class=\"eael-grid-post-holder-inner\"><div class=\"eael-entry-media\"><div class=\"eael-entry-overlay zoom-in\"><i class=\"\" aria-hidden=\"true\"><\/i><a href=\"https:\/\/www.artner.at\/en\/artner-crystal-a-glass-for-special-moments\/\"><\/a><\/div><div class=\"eael-entry-thumbnail eael-image-ratio\">\n                <img fetchpriority=\"high\" decoding=\"async\" width=\"300\" height=\"200\" src=\"https:\/\/www.artner.at\/wp-content\/uploads\/2022\/02\/Artner_Arte_Vino_Swarovski_Image-1262-end-sRGB-300x200.jpg\" class=\"attachment-medium size-medium wp-image-1596\" alt=\"\" srcset=\"https:\/\/www.artner.at\/wp-content\/uploads\/2022\/02\/Artner_Arte_Vino_Swarovski_Image-1262-end-sRGB-300x200.jpg 300w, https:\/\/www.artner.at\/wp-content\/uploads\/2022\/02\/Artner_Arte_Vino_Swarovski_Image-1262-end-sRGB-1920x1280.jpg 1920w, https:\/\/www.artner.at\/wp-content\/uploads\/2022\/02\/Artner_Arte_Vino_Swarovski_Image-1262-end-sRGB-768x512.jpg 768w, https:\/\/www.artner.at\/wp-content\/uploads\/2022\/02\/Artner_Arte_Vino_Swarovski_Image-1262-end-sRGB-1536x1024.jpg 1536w, https:\/\/www.artner.at\/wp-content\/uploads\/2022\/02\/Artner_Arte_Vino_Swarovski_Image-1262-end-sRGB-2048x1365.jpg 2048w, https:\/\/www.artner.at\/wp-content\/uploads\/2022\/02\/Artner_Arte_Vino_Swarovski_Image-1262-end-sRGB-600x400.jpg 600w\" sizes=\"(max-width: 300px) 100vw, 300px\" \/>\n            <\/div>\n        <\/div><div class=\"eael-entry-wrapper\"><header class=\"eael-entry-header\"><p class=\"eael-entry-title\"><a class=\"eael-grid-post-link\" href=\"https:\/\/www.artner.at\/en\/artner-crystal-a-glass-for-special-moments\/\" title=\"ARTNER CRYSTAL: A GLASS FOR SPECIAL MOMENTS\">ARTNER CRYSTAL: A GLASS FOR SPECIAL MOMENTS<\/a><\/p><\/header><div class=\"eael-entry-content\">\n                        <div class=\"eael-grid-post-excerpt\"><p>artner crystal edition \u2013 topped with crystals artner enhances the extraordinary even further by developing exclusive special editions for the very special taste and the...<\/p><a href=\"https:\/\/www.artner.at\/en\/artner-crystal-a-glass-for-special-moments\/\" class=\"eael-post-elements-readmore-btn\">Read more...<\/a><\/div>\n                    <\/div><\/div><\/div>\n        <\/div>\n    <\/article><article class=\"eael-grid-post  eael-post-grid-column eael-pg-post-1679 category-unkategorisiert\" data-id=\"1679\">\n        <div class=\"eael-grid-post-holder\">\n            <div class=\"eael-grid-post-holder-inner\"><div class=\"eael-entry-media\"><div class=\"eael-entry-overlay zoom-in\"><i class=\"\" aria-hidden=\"true\"><\/i><a href=\"https:\/\/www.artner.at\/en\/invite-friends-enjoy-food-drink-your-moment\/\"><\/a><\/div><div class=\"eael-entry-thumbnail eael-image-ratio\">\n                <img decoding=\"async\" width=\"300\" height=\"230\" src=\"https:\/\/www.artner.at\/wp-content\/uploads\/2022\/06\/artner-freunde-einladen-geniessen-essen-trinken-e1657642285661-300x230.webp\" class=\"attachment-medium size-medium wp-image-1411\" alt=\"\" srcset=\"https:\/\/www.artner.at\/wp-content\/uploads\/2022\/06\/artner-freunde-einladen-geniessen-essen-trinken-e1657642285661-300x230.webp 300w, https:\/\/www.artner.at\/wp-content\/uploads\/2022\/06\/artner-freunde-einladen-geniessen-essen-trinken-e1657642285661-768x590.webp 768w, https:\/\/www.artner.at\/wp-content\/uploads\/2022\/06\/artner-freunde-einladen-geniessen-essen-trinken-e1657642285661-600x461.webp 600w, https:\/\/www.artner.at\/wp-content\/uploads\/2022\/06\/artner-freunde-einladen-geniessen-essen-trinken-e1657642285661.webp 1406w\" sizes=\"(max-width: 300px) 100vw, 300px\" \/>\n            <\/div>\n        <\/div><div class=\"eael-entry-wrapper\"><header class=\"eael-entry-header\"><p class=\"eael-entry-title\"><a class=\"eael-grid-post-link\" href=\"https:\/\/www.artner.at\/en\/invite-friends-enjoy-food-drink-your-moment\/\" title=\"INVITE FRIENDS. ENJOY FOOD &amp; DRINK. YOUR MOMENT.\">INVITE FRIENDS. ENJOY FOOD &amp; DRINK. YOUR MOMENT.<\/a><\/p><\/header><div class=\"eael-entry-content\">\n                        <div class=\"eael-grid-post-excerpt\"><p>No matter what moments need a special setting. With artner glass the moment becomes special &#8211; A glass range that takes into account the needs...<\/p><a href=\"https:\/\/www.artner.at\/en\/invite-friends-enjoy-food-drink-your-moment\/\" class=\"eael-post-elements-readmore-btn\">Read more...<\/a><\/div>\n                    <\/div><\/div><\/div>\n        <\/div>\n    <\/article><\/div>\n            <div class=\"clearfix\"><\/div>\n        <\/div>\t\t\t\t<\/div>\n\t\t\t\t<\/div>\n\t\t\t\t\t<\/div>\n\t\t<\/div>\n\t\t\t\t\t<\/div>\n\t\t<\/section>\n\t\t\t\t<\/div>\n\t\t","protected":false},"excerpt":{"rendered":"<p>ARTNER GL\u00c4SER UND DIE SP\u00dcLMASCHINE Selbstverst\u00e4ndlich k\u00f6nnen Ihre edlen artner-Gl\u00e4ser auch im Geschirrsp\u00fcler gereinigt werden.F\u00fcr ein optimales, sauberes und brillant gl\u00e4nzendes Ergebnis empfehlen wir die Beachtung folgender Punkte: Lassen Sie&#8230; Read more&#8230; ARTNER CRYSTAL: EIN GLAS F\u00dcR BESONDERE MOMENTE artner crystal edition \u2013 topped with crystals artner setzt dem Besondern noch was drauf \u2013 und [&hellip;]<\/p>\n","protected":false},"author":5,"featured_media":0,"parent":0,"menu_order":0,"comment_status":"closed","ping_status":"closed","template":"","meta":{"site-sidebar-layout":"no-sidebar","site-content-layout":"page-builder","ast-site-content-layout":"default","site-content-style":"default","site-sidebar-style":"default","ast-global-header-display":"","ast-banner-title-visibility":"","ast-main-header-display":"","ast-hfb-above-header-display":"","ast-hfb-below-header-display":"","ast-hfb-mobile-header-display":"","site-post-title":"disabled","ast-breadcrumbs-content":"","ast-featured-img":"disabled","footer-sml-layout":"","ast-disable-related-posts":"","theme-transparent-header-meta":"","adv-header-id-meta":"","stick-header-meta":"","header-above-stick-meta":"","header-main-stick-meta":"","header-below-stick-meta":"","astra-migrate-meta-layouts":"default","ast-page-background-enabled":"default","ast-page-background-meta":{"desktop":{"background-color":"var(--ast-global-color-4)","background-image":"","background-repeat":"repeat","background-position":"center center","background-size":"auto","background-attachment":"scroll","background-type":"","background-media":"","overlay-type":"","overlay-color":"","overlay-opacity":"","overlay-gradient":""},"tablet":{"background-color":"","background-image":"","background-repeat":"repeat","background-position":"center center","background-size":"auto","background-attachment":"scroll","background-type":"","background-media":"","overlay-type":"","overlay-color":"","overlay-opacity":"","overlay-gradient":""},"mobile":{"background-color":"","background-image":"","background-repeat":"repeat","background-position":"center center","background-size":"auto","background-attachment":"scroll","background-type":"","background-media":"","overlay-type":"","overlay-color":"","overlay-opacity":"","overlay-gradient":""}},"ast-content-background-meta":{"desktop":{"background-color":"var(--ast-global-color-5)","background-image":"","background-repeat":"repeat","background-position":"center center","background-size":"auto","background-attachment":"scroll","background-type":"","background-media":"","overlay-type":"","overlay-color":"","overlay-opacity":"","overlay-gradient":""},"tablet":{"background-color":"var(--ast-global-color-5)","background-image":"","background-repeat":"repeat","background-position":"center center","background-size":"auto","background-attachment":"scroll","background-type":"","background-media":"","overlay-type":"","overlay-color":"","overlay-opacity":"","overlay-gradient":""},"mobile":{"background-color":"var(--ast-global-color-5)","background-image":"","background-repeat":"repeat","background-position":"center center","background-size":"auto","background-attachment":"scroll","background-type":"","background-media":"","overlay-type":"","overlay-color":"","overlay-opacity":"","overlay-gradient":""}},"footnotes":""},"class_list":["post-1726","page","type-page","status-publish","hentry"],"yoast_head":"<!-- This site is optimized with the Yoast SEO plugin v27.4 - https:\/\/yoast.com\/product\/yoast-seo-wordpress\/ -->\n<title>Blog - artner tableware<\/title>\n<meta name=\"robots\" content=\"index, follow, max-snippet:-1, max-image-preview:large, max-video-preview:-1\" \/>\n<link rel=\"canonical\" href=\"https:\/\/www.artner.at\/en\/blog\/\" \/>\n<meta property=\"og:locale\" content=\"en_US\" \/>\n<meta property=\"og:type\" content=\"article\" \/>\n<meta property=\"og:title\" content=\"Blog - artner tableware\" \/>\n<meta property=\"og:description\" content=\"ARTNER GL\u00c4SER UND DIE SP\u00dcLMASCHINE Selbstverst\u00e4ndlich k\u00f6nnen Ihre edlen artner-Gl\u00e4ser auch im Geschirrsp\u00fcler gereinigt werden.F\u00fcr ein optimales, sauberes und brillant gl\u00e4nzendes Ergebnis empfehlen wir die Beachtung folgender Punkte: Lassen Sie&#8230; Read more&#8230; ARTNER CRYSTAL: EIN GLAS F\u00dcR BESONDERE MOMENTE artner crystal edition \u2013 topped with crystals artner setzt dem Besondern noch was drauf \u2013 und [&hellip;]\" \/>\n<meta property=\"og:url\" content=\"https:\/\/www.artner.at\/en\/blog\/\" \/>\n<meta property=\"og:site_name\" content=\"artner tableware\" \/>\n<meta property=\"article:publisher\" content=\"https:\/\/www.facebook.com\/artner.tableware\/\" \/>\n<meta property=\"article:modified_time\" content=\"2022-07-23T09:26:53+00:00\" \/>\n<meta property=\"og:image\" content=\"https:\/\/www.artner.at\/wp-content\/uploads\/2022\/06\/artner-glaeser-spuelmaschine-300x142.webp\" \/>\n<meta name=\"twitter:card\" content=\"summary_large_image\" \/>\n<meta name=\"twitter:label1\" content=\"Gesch\u00e4tzte Lesezeit\" \/>\n\t<meta name=\"twitter:data1\" content=\"1\u00a0Minute\" \/>\n<script type=\"application\/ld+json\" class=\"yoast-schema-graph\">{\"@context\":\"https:\\\/\\\/schema.org\",\"@graph\":[{\"@type\":\"WebPage\",\"@id\":\"https:\\\/\\\/www.artner.at\\\/en\\\/blog\\\/\",\"url\":\"https:\\\/\\\/www.artner.at\\\/en\\\/blog\\\/\",\"name\":\"Blog - artner tableware\",\"isPartOf\":{\"@id\":\"https:\\\/\\\/www.artner.at\\\/#website\"},\"primaryImageOfPage\":{\"@id\":\"https:\\\/\\\/www.artner.at\\\/en\\\/blog\\\/#primaryimage\"},\"image\":{\"@id\":\"https:\\\/\\\/www.artner.at\\\/en\\\/blog\\\/#primaryimage\"},\"thumbnailUrl\":\"https:\\\/\\\/www.artner.at\\\/wp-content\\\/uploads\\\/2022\\\/06\\\/artner-glaeser-spuelmaschine-300x142.webp\",\"datePublished\":\"2022-04-04T10:15:12+00:00\",\"dateModified\":\"2022-07-23T09:26:53+00:00\",\"breadcrumb\":{\"@id\":\"https:\\\/\\\/www.artner.at\\\/en\\\/blog\\\/#breadcrumb\"},\"inLanguage\":\"de\",\"potentialAction\":[{\"@type\":\"ReadAction\",\"target\":[\"https:\\\/\\\/www.artner.at\\\/en\\\/blog\\\/\"]}]},{\"@type\":\"ImageObject\",\"inLanguage\":\"de\",\"@id\":\"https:\\\/\\\/www.artner.at\\\/en\\\/blog\\\/#primaryimage\",\"url\":\"https:\\\/\\\/www.artner.at\\\/wp-content\\\/uploads\\\/2022\\\/06\\\/artner-glaeser-spuelmaschine-300x142.webp\",\"contentUrl\":\"https:\\\/\\\/www.artner.at\\\/wp-content\\\/uploads\\\/2022\\\/06\\\/artner-glaeser-spuelmaschine-300x142.webp\"},{\"@type\":\"BreadcrumbList\",\"@id\":\"https:\\\/\\\/www.artner.at\\\/en\\\/blog\\\/#breadcrumb\",\"itemListElement\":[{\"@type\":\"ListItem\",\"position\":1,\"name\":\"Startseite\",\"item\":\"https:\\\/\\\/www.artner.at\\\/en\\\/welcome\\\/\"},{\"@type\":\"ListItem\",\"position\":2,\"name\":\"Blog\"}]},{\"@type\":\"WebSite\",\"@id\":\"https:\\\/\\\/www.artner.at\\\/#website\",\"url\":\"https:\\\/\\\/www.artner.at\\\/\",\"name\":\"artner tableware\",\"description\":\"the art in your hands\",\"publisher\":{\"@id\":\"https:\\\/\\\/www.artner.at\\\/#organization\"},\"potentialAction\":[{\"@type\":\"SearchAction\",\"target\":{\"@type\":\"EntryPoint\",\"urlTemplate\":\"https:\\\/\\\/www.artner.at\\\/?s={search_term_string}\"},\"query-input\":{\"@type\":\"PropertyValueSpecification\",\"valueRequired\":true,\"valueName\":\"search_term_string\"}}],\"inLanguage\":\"de\"},{\"@type\":\"Organization\",\"@id\":\"https:\\\/\\\/www.artner.at\\\/#organization\",\"name\":\"Peter Artner GmbH\",\"url\":\"https:\\\/\\\/www.artner.at\\\/\",\"logo\":{\"@type\":\"ImageObject\",\"inLanguage\":\"de\",\"@id\":\"https:\\\/\\\/www.artner.at\\\/#\\\/schema\\\/logo\\\/image\\\/\",\"url\":\"https:\\\/\\\/www.artner.at\\\/wp-content\\\/uploads\\\/2022\\\/04\\\/cropped-artner-logo.webp\",\"contentUrl\":\"https:\\\/\\\/www.artner.at\\\/wp-content\\\/uploads\\\/2022\\\/04\\\/cropped-artner-logo.webp\",\"width\":222,\"height\":74,\"caption\":\"Peter Artner GmbH\"},\"image\":{\"@id\":\"https:\\\/\\\/www.artner.at\\\/#\\\/schema\\\/logo\\\/image\\\/\"},\"sameAs\":[\"https:\\\/\\\/www.facebook.com\\\/artner.tableware\\\/\",\"https:\\\/\\\/www.instagram.com\\\/artner_tableware\\\/\"]}]}<\/script>\n<!-- \/ Yoast SEO plugin. -->","yoast_head_json":{"title":"Blog - artner tableware","robots":{"index":"index","follow":"follow","max-snippet":"max-snippet:-1","max-image-preview":"max-image-preview:large","max-video-preview":"max-video-preview:-1"},"canonical":"https:\/\/www.artner.at\/en\/blog\/","og_locale":"en_US","og_type":"article","og_title":"Blog - artner tableware","og_description":"ARTNER GL\u00c4SER UND DIE SP\u00dcLMASCHINE Selbstverst\u00e4ndlich k\u00f6nnen Ihre edlen artner-Gl\u00e4ser auch im Geschirrsp\u00fcler gereinigt werden.F\u00fcr ein optimales, sauberes und brillant gl\u00e4nzendes Ergebnis empfehlen wir die Beachtung folgender Punkte: Lassen Sie&#8230; Read more&#8230; ARTNER CRYSTAL: EIN GLAS F\u00dcR BESONDERE MOMENTE artner crystal edition \u2013 topped with crystals artner setzt dem Besondern noch was drauf \u2013 und [&hellip;]","og_url":"https:\/\/www.artner.at\/en\/blog\/","og_site_name":"artner tableware","article_publisher":"https:\/\/www.facebook.com\/artner.tableware\/","article_modified_time":"2022-07-23T09:26:53+00:00","og_image":[{"url":"https:\/\/www.artner.at\/wp-content\/uploads\/2022\/06\/artner-glaeser-spuelmaschine-300x142.webp","type":"","width":"","height":""}],"twitter_card":"summary_large_image","twitter_misc":{"Gesch\u00e4tzte Lesezeit":"1\u00a0Minute"},"schema":{"@context":"https:\/\/schema.org","@graph":[{"@type":"WebPage","@id":"https:\/\/www.artner.at\/en\/blog\/","url":"https:\/\/www.artner.at\/en\/blog\/","name":"Blog - artner tableware","isPartOf":{"@id":"https:\/\/www.artner.at\/#website"},"primaryImageOfPage":{"@id":"https:\/\/www.artner.at\/en\/blog\/#primaryimage"},"image":{"@id":"https:\/\/www.artner.at\/en\/blog\/#primaryimage"},"thumbnailUrl":"https:\/\/www.artner.at\/wp-content\/uploads\/2022\/06\/artner-glaeser-spuelmaschine-300x142.webp","datePublished":"2022-04-04T10:15:12+00:00","dateModified":"2022-07-23T09:26:53+00:00","breadcrumb":{"@id":"https:\/\/www.artner.at\/en\/blog\/#breadcrumb"},"inLanguage":"de","potentialAction":[{"@type":"ReadAction","target":["https:\/\/www.artner.at\/en\/blog\/"]}]},{"@type":"ImageObject","inLanguage":"de","@id":"https:\/\/www.artner.at\/en\/blog\/#primaryimage","url":"https:\/\/www.artner.at\/wp-content\/uploads\/2022\/06\/artner-glaeser-spuelmaschine-300x142.webp","contentUrl":"https:\/\/www.artner.at\/wp-content\/uploads\/2022\/06\/artner-glaeser-spuelmaschine-300x142.webp"},{"@type":"BreadcrumbList","@id":"https:\/\/www.artner.at\/en\/blog\/#breadcrumb","itemListElement":[{"@type":"ListItem","position":1,"name":"Startseite","item":"https:\/\/www.artner.at\/en\/welcome\/"},{"@type":"ListItem","position":2,"name":"Blog"}]},{"@type":"WebSite","@id":"https:\/\/www.artner.at\/#website","url":"https:\/\/www.artner.at\/","name":"artner tableware","description":"the art in your hands","publisher":{"@id":"https:\/\/www.artner.at\/#organization"},"potentialAction":[{"@type":"SearchAction","target":{"@type":"EntryPoint","urlTemplate":"https:\/\/www.artner.at\/?s={search_term_string}"},"query-input":{"@type":"PropertyValueSpecification","valueRequired":true,"valueName":"search_term_string"}}],"inLanguage":"de"},{"@type":"Organization","@id":"https:\/\/www.artner.at\/#organization","name":"Peter Artner GmbH","url":"https:\/\/www.artner.at\/","logo":{"@type":"ImageObject","inLanguage":"de","@id":"https:\/\/www.artner.at\/#\/schema\/logo\/image\/","url":"https:\/\/www.artner.at\/wp-content\/uploads\/2022\/04\/cropped-artner-logo.webp","contentUrl":"https:\/\/www.artner.at\/wp-content\/uploads\/2022\/04\/cropped-artner-logo.webp","width":222,"height":74,"caption":"Peter Artner GmbH"},"image":{"@id":"https:\/\/www.artner.at\/#\/schema\/logo\/image\/"},"sameAs":["https:\/\/www.facebook.com\/artner.tableware\/","https:\/\/www.instagram.com\/artner_tableware\/"]}]}},"_links":{"self":[{"href":"https:\/\/www.artner.at\/en\/wp-json\/wp\/v2\/pages\/1726","targetHints":{"allow":["GET"]}}],"collection":[{"href":"https:\/\/www.artner.at\/en\/wp-json\/wp\/v2\/pages"}],"about":[{"href":"https:\/\/www.artner.at\/en\/wp-json\/wp\/v2\/types\/page"}],"author":[{"embeddable":true,"href":"https:\/\/www.artner.at\/en\/wp-json\/wp\/v2\/users\/5"}],"replies":[{"embeddable":true,"href":"https:\/\/www.artner.at\/en\/wp-json\/wp\/v2\/comments?post=1726"}],"version-history":[{"count":0,"href":"https:\/\/www.artner.at\/en\/wp-json\/wp\/v2\/pages\/1726\/revisions"}],"wp:attachment":[{"href":"https:\/\/www.artner.at\/en\/wp-json\/wp\/v2\/media?parent=1726"}],"curies":[{"name":"wp","href":"https:\/\/api.w.org\/{rel}","templated":true}]}}