{"id":3814,"date":"2023-07-03T09:51:39","date_gmt":"2023-07-03T07:51:39","guid":{"rendered":"https:\/\/www.artner.at\/produkt\/artner-lily-tumbler-37-cl-1-karton-mit-24-glaesern\/"},"modified":"2026-04-17T19:08:14","modified_gmt":"2026-04-17T17:08:14","slug":"artner-lily-tumbler-37-cl-1-karton-mit-24-glaesern","status":"publish","type":"product","link":"https:\/\/www.artner.at\/en\/product\/artner-lily-tumbler-37-cl-1-karton-mit-24-glaesern\/","title":{"rendered":"artner Lily Tumbler 37 cl &#8211; 1 Karton mit 24 Gl\u00e4sern"},"content":{"rendered":"<p>artner Lily Tumbler 37 cl (1 Karton mit 24 Gl\u00e4sern)<\/p>\n<p>Begeisterung in Glasform. Bars boomen wieder &#8211; und artner boomt mit, gro\u00dfartig im bewusst kleiner gehaltenen Sortiment benannt nach Frauenfiguren der Pariser Nachtclubs zur Zeit Toulouse Lautrecs als Patinnen und Sinnbilder f\u00fcr hinreissende Atmosph\u00e4re von Leichtigkeit und Fr\u00f6hlichkeit.  sp\u00fclmaschinenfest<\/p>\n<p>Verwendungsempfehlung:<br \/>\nalkoholfreie Getr\u00e4nke, Cocktails, Longdrinks, Cappuccino<\/p>\n<p>Einheiten pro Karton: 24 Stk.<\/p>\n<p>Volumen: 370 ml<br \/>\nGr\u00f6\u00dfe (H\u00f6he \/ max. Durchmesser): 95 \/ 94 mm<br \/>\nGewicht (pro St\u00fcck): 410 g<\/p>\n<p>Einzelpreis: EUR 8,25 inkl. 20% MWSt<\/p>\n","protected":false},"excerpt":{"rendered":"<p>artner Lily Tumbler 37 cl | 370 ml | Einheiten pro Karton: 24 Stk.<\/p>\n","protected":false},"featured_media":3737,"comment_status":"closed","ping_status":"open","template":"","meta":{"site-sidebar-layout":"default","site-content-layout":"","ast-site-content-layout":"default","site-content-style":"default","site-sidebar-style":"default","ast-global-header-display":"","ast-banner-title-visibility":"","ast-main-header-display":"","ast-hfb-above-header-display":"","ast-hfb-below-header-display":"","ast-hfb-mobile-header-display":"","site-post-title":"","ast-breadcrumbs-content":"","ast-featured-img":"","footer-sml-layout":"","ast-disable-related-posts":"","theme-transparent-header-meta":"","adv-header-id-meta":"","stick-header-meta":"","header-above-stick-meta":"","header-main-stick-meta":"","header-below-stick-meta":"","astra-migrate-meta-layouts":"default","ast-page-background-enabled":"default","ast-page-background-meta":{"desktop":{"background-color":"var(--ast-global-color-4)","background-image":"","background-repeat":"repeat","background-position":"center center","background-size":"auto","background-attachment":"scroll","background-type":"","background-media":"","overlay-type":"","overlay-color":"","overlay-opacity":"","overlay-gradient":""},"tablet":{"background-color":"","background-image":"","background-repeat":"repeat","background-position":"center center","background-size":"auto","background-attachment":"scroll","background-type":"","background-media":"","overlay-type":"","overlay-color":"","overlay-opacity":"","overlay-gradient":""},"mobile":{"background-color":"","background-image":"","background-repeat":"repeat","background-position":"center center","background-size":"auto","background-attachment":"scroll","background-type":"","background-media":"","overlay-type":"","overlay-color":"","overlay-opacity":"","overlay-gradient":""}},"ast-content-background-meta":{"desktop":{"background-color":"var(--ast-global-color-5)","background-image":"","background-repeat":"repeat","background-position":"center center","background-size":"auto","background-attachment":"scroll","background-type":"","background-media":"","overlay-type":"","overlay-color":"","overlay-opacity":"","overlay-gradient":""},"tablet":{"background-color":"var(--ast-global-color-5)","background-image":"","background-repeat":"repeat","background-position":"center center","background-size":"auto","background-attachment":"scroll","background-type":"","background-media":"","overlay-type":"","overlay-color":"","overlay-opacity":"","overlay-gradient":""},"mobile":{"background-color":"var(--ast-global-color-5)","background-image":"","background-repeat":"repeat","background-position":"center center","background-size":"auto","background-attachment":"scroll","background-type":"","background-media":"","overlay-type":"","overlay-color":"","overlay-opacity":"","overlay-gradient":""}}},"product_brand":[],"product_cat":[39],"product_tag":[278,279,277],"class_list":{"0":"post-3814","1":"product","2":"type-product","3":"status-publish","4":"has-post-thumbnail","6":"product_cat-bar","7":"product_tag-besonders","8":"product_tag-massgebend","9":"product_tag-modern","10":"desktop-align-left","11":"tablet-align-left","12":"mobile-align-left","14":"first","15":"instock","16":"taxable","17":"shipping-taxable","18":"purchasable","19":"product-type-simple"},"yoast_head":"<!-- This site is optimized with the Yoast SEO plugin v27.4 - https:\/\/yoast.com\/product\/yoast-seo-wordpress\/ -->\n<title>artner Lily Tumbler 37 cl - 1 Karton mit 24 Gl\u00e4sern - artner tableware<\/title>\n<meta name=\"robots\" content=\"index, follow, max-snippet:-1, max-image-preview:large, max-video-preview:-1\" \/>\n<link rel=\"canonical\" href=\"https:\/\/www.artner.at\/produkt\/artner-lily-tumbler-37-cl-1-karton-mit-24-glaesern\/\" \/>\n<meta property=\"og:locale\" content=\"en_US\" \/>\n<meta property=\"og:type\" content=\"article\" \/>\n<meta property=\"og:title\" content=\"artner Lily Tumbler 37 cl - 1 Karton mit 24 Gl\u00e4sern - artner tableware\" \/>\n<meta property=\"og:description\" content=\"artner Lily Tumbler 37 cl | 370 ml | Einheiten pro Karton: 24 Stk.\" \/>\n<meta property=\"og:url\" content=\"https:\/\/www.artner.at\/produkt\/artner-lily-tumbler-37-cl-1-karton-mit-24-glaesern\/\" \/>\n<meta property=\"og:site_name\" content=\"artner tableware\" \/>\n<meta property=\"article:publisher\" content=\"https:\/\/www.facebook.com\/artner.tableware\/\" \/>\n<meta property=\"article:modified_time\" content=\"2026-04-17T17:08:14+00:00\" \/>\n<meta property=\"og:image\" content=\"https:\/\/www.artner.at\/wp-content\/uploads\/2023\/03\/artner-glaseser-serie-bar-bl2-lily-tumbler-gross-37cl.webp\" \/>\n\t<meta property=\"og:image:width\" content=\"1600\" \/>\n\t<meta property=\"og:image:height\" content=\"780\" \/>\n\t<meta property=\"og:image:type\" content=\"image\/webp\" \/>\n<meta name=\"twitter:card\" content=\"summary_large_image\" \/>\n<script type=\"application\/ld+json\" class=\"yoast-schema-graph\">{\"@context\":\"https:\\\/\\\/schema.org\",\"@graph\":[{\"@type\":\"WebPage\",\"@id\":\"https:\\\/\\\/www.artner.at\\\/produkt\\\/artner-lily-tumbler-37-cl-1-karton-mit-24-glaesern\\\/\",\"url\":\"https:\\\/\\\/www.artner.at\\\/produkt\\\/artner-lily-tumbler-37-cl-1-karton-mit-24-glaesern\\\/\",\"name\":\"artner Lily Tumbler 37 cl - 1 Karton mit 24 Gl\u00e4sern - artner tableware\",\"isPartOf\":{\"@id\":\"https:\\\/\\\/www.artner.at\\\/#website\"},\"primaryImageOfPage\":{\"@id\":\"https:\\\/\\\/www.artner.at\\\/produkt\\\/artner-lily-tumbler-37-cl-1-karton-mit-24-glaesern\\\/#primaryimage\"},\"image\":{\"@id\":\"https:\\\/\\\/www.artner.at\\\/produkt\\\/artner-lily-tumbler-37-cl-1-karton-mit-24-glaesern\\\/#primaryimage\"},\"thumbnailUrl\":\"https:\\\/\\\/www.artner.at\\\/wp-content\\\/uploads\\\/2023\\\/03\\\/artner-glaseser-serie-bar-bl2-lily-tumbler-gross-37cl.webp\",\"datePublished\":\"2023-07-03T07:51:39+00:00\",\"dateModified\":\"2026-04-17T17:08:14+00:00\",\"breadcrumb\":{\"@id\":\"https:\\\/\\\/www.artner.at\\\/produkt\\\/artner-lily-tumbler-37-cl-1-karton-mit-24-glaesern\\\/#breadcrumb\"},\"inLanguage\":\"de\",\"potentialAction\":[{\"@type\":\"ReadAction\",\"target\":[\"https:\\\/\\\/www.artner.at\\\/produkt\\\/artner-lily-tumbler-37-cl-1-karton-mit-24-glaesern\\\/\"]}]},{\"@type\":\"ImageObject\",\"inLanguage\":\"de\",\"@id\":\"https:\\\/\\\/www.artner.at\\\/produkt\\\/artner-lily-tumbler-37-cl-1-karton-mit-24-glaesern\\\/#primaryimage\",\"url\":\"https:\\\/\\\/www.artner.at\\\/wp-content\\\/uploads\\\/2023\\\/03\\\/artner-glaseser-serie-bar-bl2-lily-tumbler-gross-37cl.webp\",\"contentUrl\":\"https:\\\/\\\/www.artner.at\\\/wp-content\\\/uploads\\\/2023\\\/03\\\/artner-glaseser-serie-bar-bl2-lily-tumbler-gross-37cl.webp\",\"width\":1600,\"height\":780},{\"@type\":\"BreadcrumbList\",\"@id\":\"https:\\\/\\\/www.artner.at\\\/produkt\\\/artner-lily-tumbler-37-cl-1-karton-mit-24-glaesern\\\/#breadcrumb\",\"itemListElement\":[{\"@type\":\"ListItem\",\"position\":1,\"name\":\"Startseite\",\"item\":\"https:\\\/\\\/www.artner.at\\\/en\\\/welcome\\\/\"},{\"@type\":\"ListItem\",\"position\":2,\"name\":\"Shop\",\"item\":\"https:\\\/\\\/www.artner.at\\\/en\\\/shop-en\\\/\"},{\"@type\":\"ListItem\",\"position\":3,\"name\":\"artner Lily Tumbler 37 cl &#8211; 1 Karton mit 24 Gl\u00e4sern\"}]},{\"@type\":\"WebSite\",\"@id\":\"https:\\\/\\\/www.artner.at\\\/#website\",\"url\":\"https:\\\/\\\/www.artner.at\\\/\",\"name\":\"artner tableware\",\"description\":\"the art in your hands\",\"publisher\":{\"@id\":\"https:\\\/\\\/www.artner.at\\\/#organization\"},\"potentialAction\":[{\"@type\":\"SearchAction\",\"target\":{\"@type\":\"EntryPoint\",\"urlTemplate\":\"https:\\\/\\\/www.artner.at\\\/?s={search_term_string}\"},\"query-input\":{\"@type\":\"PropertyValueSpecification\",\"valueRequired\":true,\"valueName\":\"search_term_string\"}}],\"inLanguage\":\"de\"},{\"@type\":\"Organization\",\"@id\":\"https:\\\/\\\/www.artner.at\\\/#organization\",\"name\":\"Peter Artner GmbH\",\"url\":\"https:\\\/\\\/www.artner.at\\\/\",\"logo\":{\"@type\":\"ImageObject\",\"inLanguage\":\"de\",\"@id\":\"https:\\\/\\\/www.artner.at\\\/#\\\/schema\\\/logo\\\/image\\\/\",\"url\":\"https:\\\/\\\/www.artner.at\\\/wp-content\\\/uploads\\\/2022\\\/04\\\/cropped-artner-logo.webp\",\"contentUrl\":\"https:\\\/\\\/www.artner.at\\\/wp-content\\\/uploads\\\/2022\\\/04\\\/cropped-artner-logo.webp\",\"width\":222,\"height\":74,\"caption\":\"Peter Artner GmbH\"},\"image\":{\"@id\":\"https:\\\/\\\/www.artner.at\\\/#\\\/schema\\\/logo\\\/image\\\/\"},\"sameAs\":[\"https:\\\/\\\/www.facebook.com\\\/artner.tableware\\\/\",\"https:\\\/\\\/www.instagram.com\\\/artner_tableware\\\/\"]}]}<\/script>\n<!-- \/ Yoast SEO plugin. -->","yoast_head_json":{"title":"artner Lily Tumbler 37 cl - 1 Karton mit 24 Gl\u00e4sern - artner tableware","robots":{"index":"index","follow":"follow","max-snippet":"max-snippet:-1","max-image-preview":"max-image-preview:large","max-video-preview":"max-video-preview:-1"},"canonical":"https:\/\/www.artner.at\/produkt\/artner-lily-tumbler-37-cl-1-karton-mit-24-glaesern\/","og_locale":"en_US","og_type":"article","og_title":"artner Lily Tumbler 37 cl - 1 Karton mit 24 Gl\u00e4sern - artner tableware","og_description":"artner Lily Tumbler 37 cl | 370 ml | Einheiten pro Karton: 24 Stk.","og_url":"https:\/\/www.artner.at\/produkt\/artner-lily-tumbler-37-cl-1-karton-mit-24-glaesern\/","og_site_name":"artner tableware","article_publisher":"https:\/\/www.facebook.com\/artner.tableware\/","article_modified_time":"2026-04-17T17:08:14+00:00","og_image":[{"width":1600,"height":780,"url":"https:\/\/www.artner.at\/wp-content\/uploads\/2023\/03\/artner-glaseser-serie-bar-bl2-lily-tumbler-gross-37cl.webp","type":"image\/webp"}],"twitter_card":"summary_large_image","schema":{"@context":"https:\/\/schema.org","@graph":[{"@type":"WebPage","@id":"https:\/\/www.artner.at\/produkt\/artner-lily-tumbler-37-cl-1-karton-mit-24-glaesern\/","url":"https:\/\/www.artner.at\/produkt\/artner-lily-tumbler-37-cl-1-karton-mit-24-glaesern\/","name":"artner Lily Tumbler 37 cl - 1 Karton mit 24 Gl\u00e4sern - artner tableware","isPartOf":{"@id":"https:\/\/www.artner.at\/#website"},"primaryImageOfPage":{"@id":"https:\/\/www.artner.at\/produkt\/artner-lily-tumbler-37-cl-1-karton-mit-24-glaesern\/#primaryimage"},"image":{"@id":"https:\/\/www.artner.at\/produkt\/artner-lily-tumbler-37-cl-1-karton-mit-24-glaesern\/#primaryimage"},"thumbnailUrl":"https:\/\/www.artner.at\/wp-content\/uploads\/2023\/03\/artner-glaseser-serie-bar-bl2-lily-tumbler-gross-37cl.webp","datePublished":"2023-07-03T07:51:39+00:00","dateModified":"2026-04-17T17:08:14+00:00","breadcrumb":{"@id":"https:\/\/www.artner.at\/produkt\/artner-lily-tumbler-37-cl-1-karton-mit-24-glaesern\/#breadcrumb"},"inLanguage":"de","potentialAction":[{"@type":"ReadAction","target":["https:\/\/www.artner.at\/produkt\/artner-lily-tumbler-37-cl-1-karton-mit-24-glaesern\/"]}]},{"@type":"ImageObject","inLanguage":"de","@id":"https:\/\/www.artner.at\/produkt\/artner-lily-tumbler-37-cl-1-karton-mit-24-glaesern\/#primaryimage","url":"https:\/\/www.artner.at\/wp-content\/uploads\/2023\/03\/artner-glaseser-serie-bar-bl2-lily-tumbler-gross-37cl.webp","contentUrl":"https:\/\/www.artner.at\/wp-content\/uploads\/2023\/03\/artner-glaseser-serie-bar-bl2-lily-tumbler-gross-37cl.webp","width":1600,"height":780},{"@type":"BreadcrumbList","@id":"https:\/\/www.artner.at\/produkt\/artner-lily-tumbler-37-cl-1-karton-mit-24-glaesern\/#breadcrumb","itemListElement":[{"@type":"ListItem","position":1,"name":"Startseite","item":"https:\/\/www.artner.at\/en\/welcome\/"},{"@type":"ListItem","position":2,"name":"Shop","item":"https:\/\/www.artner.at\/en\/shop-en\/"},{"@type":"ListItem","position":3,"name":"artner Lily Tumbler 37 cl &#8211; 1 Karton mit 24 Gl\u00e4sern"}]},{"@type":"WebSite","@id":"https:\/\/www.artner.at\/#website","url":"https:\/\/www.artner.at\/","name":"artner tableware","description":"the art in your hands","publisher":{"@id":"https:\/\/www.artner.at\/#organization"},"potentialAction":[{"@type":"SearchAction","target":{"@type":"EntryPoint","urlTemplate":"https:\/\/www.artner.at\/?s={search_term_string}"},"query-input":{"@type":"PropertyValueSpecification","valueRequired":true,"valueName":"search_term_string"}}],"inLanguage":"de"},{"@type":"Organization","@id":"https:\/\/www.artner.at\/#organization","name":"Peter Artner GmbH","url":"https:\/\/www.artner.at\/","logo":{"@type":"ImageObject","inLanguage":"de","@id":"https:\/\/www.artner.at\/#\/schema\/logo\/image\/","url":"https:\/\/www.artner.at\/wp-content\/uploads\/2022\/04\/cropped-artner-logo.webp","contentUrl":"https:\/\/www.artner.at\/wp-content\/uploads\/2022\/04\/cropped-artner-logo.webp","width":222,"height":74,"caption":"Peter Artner GmbH"},"image":{"@id":"https:\/\/www.artner.at\/#\/schema\/logo\/image\/"},"sameAs":["https:\/\/www.facebook.com\/artner.tableware\/","https:\/\/www.instagram.com\/artner_tableware\/"]}]}},"_links":{"self":[{"href":"https:\/\/www.artner.at\/en\/wp-json\/wp\/v2\/product\/3814","targetHints":{"allow":["GET"]}}],"collection":[{"href":"https:\/\/www.artner.at\/en\/wp-json\/wp\/v2\/product"}],"about":[{"href":"https:\/\/www.artner.at\/en\/wp-json\/wp\/v2\/types\/product"}],"replies":[{"embeddable":true,"href":"https:\/\/www.artner.at\/en\/wp-json\/wp\/v2\/comments?post=3814"}],"wp:featuredmedia":[{"embeddable":true,"href":"https:\/\/www.artner.at\/en\/wp-json\/wp\/v2\/media\/3737"}],"wp:attachment":[{"href":"https:\/\/www.artner.at\/en\/wp-json\/wp\/v2\/media?parent=3814"}],"wp:term":[{"taxonomy":"product_brand","embeddable":true,"href":"https:\/\/www.artner.at\/en\/wp-json\/wp\/v2\/product_brand?post=3814"},{"taxonomy":"product_cat","embeddable":true,"href":"https:\/\/www.artner.at\/en\/wp-json\/wp\/v2\/product_cat?post=3814"},{"taxonomy":"product_tag","embeddable":true,"href":"https:\/\/www.artner.at\/en\/wp-json\/wp\/v2\/product_tag?post=3814"}],"curies":[{"name":"wp","href":"https:\/\/api.w.org\/{rel}","templated":true}]}}